{"id":9222,"date":"2026-03-16T09:45:44","date_gmt":"2026-03-16T08:45:44","guid":{"rendered":"https:\/\/www.arosip.com\/railway-industry\/"},"modified":"2026-04-29T08:14:18","modified_gmt":"2026-04-29T06:14:18","slug":"railway-industry","status":"publish","type":"page","link":"https:\/\/www.arosip.com\/en\/railway-industry\/","title":{"rendered":"Railway Industry"},"content":{"rendered":"<p>[et_pb_section fb_built=&#8221;1&#8243; _builder_version=&#8221;4.27.5&#8243; _module_preset=&#8221;default&#8221; use_background_color_gradient=&#8221;on&#8221; background_color_gradient_stops=&#8221;#343230 0%|rgba(255,255,255,0) 100%&#8221; background_color_gradient_overlays_image=&#8221;on&#8221; background_image=&#8221;https:\/\/www.arosip.com\/wp-content\/uploads\/2023\/03\/X40_FotoFrederikTellerup.jpg&#8221; custom_margin=&#8221;||||true|false&#8221; custom_padding=&#8221;25vh||25vh||true|false&#8221; border_width_bottom=&#8221;10px&#8221; border_color_bottom=&#8221;#e94f36&#8243; global_colors_info=&#8221;{}&#8221;][et_pb_row _builder_version=&#8221;4.19.5&#8243; _module_preset=&#8221;default&#8221; z_index=&#8221;2&#8243; custom_padding=&#8221;40px||40px||true|false&#8221; global_colors_info=&#8221;{}&#8221;][et_pb_column type=&#8221;4_4&#8243; _builder_version=&#8221;4.19.5&#8243; _module_preset=&#8221;default&#8221; global_colors_info=&#8221;{}&#8221;][et_pb_text _builder_version=&#8221;4.27.5&#8243; _module_preset=&#8221;default&#8221; text_font=&#8221;Anton||||||||&#8221; text_text_color=&#8221;#FFFFFF&#8221; text_font_size=&#8221;70px&#8221; z_index=&#8221;2&#8243; text_orientation=&#8221;center&#8221; text_font_tablet=&#8221;Anton||||||||&#8221; text_font_phone=&#8221;Anton||||||||&#8221; text_font_last_edited=&#8221;on|phone&#8221; global_colors_info=&#8221;{}&#8221;]<\/p>\n<p>Railway Industry<\/p>\n<p>[\/et_pb_text][\/et_pb_column][\/et_pb_row][\/et_pb_section][et_pb_section fb_built=&#8221;1&#8243; _builder_version=&#8221;4.19.5&#8243; _module_preset=&#8221;default&#8221; background_color=&#8221;#dcdbc9&#8243; global_colors_info=&#8221;{}&#8221;][et_pb_row _builder_version=&#8221;4.19.5&#8243; _module_preset=&#8221;default&#8221; global_colors_info=&#8221;{}&#8221;][et_pb_column type=&#8221;4_4&#8243; _builder_version=&#8221;4.19.5&#8243; _module_preset=&#8221;default&#8221; global_colors_info=&#8221;{}&#8221;][et_pb_text _builder_version=&#8221;4.27.5&#8243; _module_preset=&#8221;default&#8221; text_font=&#8221;Montserrat|700|||||||&#8221; text_text_color=&#8221;#000000&#8243; text_font_size=&#8221;22px&#8221; text_line_height=&#8221;1.4em&#8221; text_orientation=&#8221;center&#8221; custom_padding=&#8221;||7px|||&#8221; global_colors_info=&#8221;{}&#8221;]<\/p>\n<p>Aros Industripartner is an established and reliable supplier to the European railway industry.<\/p>\n<p>[\/et_pb_text][\/et_pb_column][\/et_pb_row][\/et_pb_section][et_pb_section fb_built=&#8221;1&#8243; _builder_version=&#8221;4.21.0&#8243; _module_preset=&#8221;default&#8221; global_colors_info=&#8221;{}&#8221;][et_pb_row _builder_version=&#8221;4.27.2&#8243; _module_preset=&#8221;default&#8221; box_shadow_style=&#8221;preset2&#8243; global_colors_info=&#8221;{}&#8221;][et_pb_column type=&#8221;4_4&#8243; _builder_version=&#8221;4.19.5&#8243; _module_preset=&#8221;default&#8221; global_colors_info=&#8221;{}&#8221;][et_pb_text _builder_version=&#8221;4.27.2&#8243; _module_preset=&#8221;default&#8221; text_font=&#8221;Montserrat||||||||&#8221; text_text_color=&#8221;#000000&#8243; text_font_size=&#8221;16px&#8221; text_line_height=&#8221;1.4em&#8221; header_3_font=&#8221;|700|||||||&#8221; header_3_font_size=&#8221;23px&#8221; custom_padding=&#8221;45px|50px|45px|50px|true|true&#8221; custom_padding_tablet=&#8221;45px|50px|45px|50px|true|true&#8221; custom_padding_phone=&#8221;|20px||20px|true|true&#8221; custom_padding_last_edited=&#8221;on|desktop&#8221; global_colors_info=&#8221;{}&#8221;]<\/p>\n<h3><span>AROS Industripartner<\/span><\/h3>\n<p>With broad technical expertise, structured work processes, and high delivery reliability, we operate as a long-term partner in projects where quality, safety, and operational reliability are critical.<\/p>\n<p>The train industry demands high standards of precision, documentation, traceability, and long service life.<\/p>\n<p>We possess the experience and methodologies required to meet these demands in environments where vibrations, loads, and continuous operation place significant strain on components and structures. Our solutions naturally comply with the <strong>EN 45545<\/strong> standard for fire and safety requirements, ensuring the highest possible safety in railway environments. <\/p>\n<p>We develop, service, and manufacture components and technical solutions for railway applications where reliability and function are central. This includes rubber, plastic, and other consumable parts for both bogies and interior and exterior components, often custom-adapted for the vehicles and in line with EN 45545 requirements. <\/p>\n<p>As a partner, we contribute not only through manufacturing but also with technical expertise as early as the development phase. Through close collaboration with our customers, we optimize designs for functionality, strength, and efficient production. The result is robust solutions adapted for demanding environments within the railway and transport industries.  <\/p>\n<p><span> <\/span><\/p>\n<p>[\/et_pb_text][\/et_pb_column][\/et_pb_row][et_pb_row column_structure=&#8221;1_3,1_3,1_3&#8243; _builder_version=&#8221;4.27.5&#8243; _module_preset=&#8221;default&#8221; global_colors_info=&#8221;{}&#8221;][et_pb_column type=&#8221;1_3&#8243; _builder_version=&#8221;4.27.5&#8243; _module_preset=&#8221;default&#8221; global_colors_info=&#8221;{}&#8221;][et_pb_blurb title=&#8221;Gangways&#8221; image=&#8221;https:\/\/www.arosip.com\/wp-content\/uploads\/2026\/04\/Overgangsbalgar.webp&#8221; _builder_version=&#8221;4.27.6&#8243; _module_preset=&#8221;default&#8221; header_font=&#8221;Montserrat|700|||||||&#8221; header_font_size=&#8221;20px&#8221; body_font=&#8221;Montserrat||||||||&#8221; body_font_size=&#8221;16px&#8221; hover_enabled=&#8221;0&#8243; global_colors_info=&#8221;{}&#8221; alt=&#8221;Gangways&#8221; title_text=&#8221;\u00d6verg\u00e5ngsb\u00e4lgar&#8221; sticky_enabled=&#8221;0&#8243;]<\/p>\n<p>We manufacture, repair, and inspect bellows for trains, buses, and special applications. Our solutions combine safety, durability, and function for demanding environments in road and rail traffic. <\/p>\n<p>[\/et_pb_blurb][et_pb_button button_url=&#8221;https:\/\/www.arosip.com\/en\/gangways\/&#8221; button_text=&#8221;Read more&#8221; disabled_on=&#8221;off|off|off&#8221; _builder_version=&#8221;4.27.5&#8243; _module_preset=&#8221;default&#8221; custom_button=&#8221;on&#8221; button_text_color=&#8221;#FFFFFF&#8221; button_bg_color=&#8221;#E02B20&#8243; global_colors_info=&#8221;{}&#8221;][\/et_pb_button][\/et_pb_column][et_pb_column type=&#8221;1_3&#8243; _builder_version=&#8221;4.27.5&#8243; _module_preset=&#8221;default&#8221; global_colors_info=&#8221;{}&#8221;][et_pb_blurb title=&#8221;Coupler protection&#8221; image=&#8221;https:\/\/www.arosip.com\/wp-content\/uploads\/2026\/03\/snow-22.jpg&#8221; alt=&#8221;train snow protection&#8221; _builder_version=&#8221;4.27.6&#8243; _module_preset=&#8221;default&#8221; header_font=&#8221;Montserrat|700|||||||&#8221; header_font_size=&#8221;20px&#8221; body_font=&#8221;Montserrat||||||||&#8221; body_font_size=&#8221;16px&#8221; hover_enabled=&#8221;0&#8243; global_colors_info=&#8221;{}&#8221; title_text=&#8221;snow-22&#8243; sticky_enabled=&#8221;0&#8243;]<\/p>\n<p>Aros Industripartner manufactures coupler protection (snow gaiters) that protects couplings and piping systems against snow, ice, dirt, and wear. Tailor-made solutions according to EN 45545 for demanding environments. <\/p>\n<p>[\/et_pb_blurb][et_pb_button button_url=&#8221;https:\/\/www.arosip.com\/en\/koppelskydd\/&#8221; button_text=&#8221;Read more&#8221; disabled_on=&#8221;off|off|off&#8221; _builder_version=&#8221;4.27.5&#8243; _module_preset=&#8221;default&#8221; custom_button=&#8221;on&#8221; button_text_color=&#8221;#FFFFFF&#8221; button_bg_color=&#8221;#E02B20&#8243; global_colors_info=&#8221;{}&#8221;][\/et_pb_button][\/et_pb_column][et_pb_column type=&#8221;1_3&#8243; _builder_version=&#8221;4.27.5&#8243; _module_preset=&#8221;default&#8221; global_colors_info=&#8221;{}&#8221;][et_pb_blurb title=&#8221;Bogie components&#8221; image=&#8221;https:\/\/www.arosip.com\/wp-content\/uploads\/2026\/04\/Bogie-komponenter.webp&#8221; _builder_version=&#8221;4.27.6&#8243; _module_preset=&#8221;default&#8221; header_font=&#8221;Montserrat|700|||||||&#8221; header_font_size=&#8221;20px&#8221; body_font=&#8221;Montserrat||||||||&#8221; body_font_size=&#8221;16px&#8221; hover_enabled=&#8221;0&#8243; global_colors_info=&#8221;{}&#8221; alt=&#8221;Bogie components&#8221; title_text=&#8221;Bogie komponenter&#8221; sticky_enabled=&#8221;0&#8243;]<\/p>\n<p>Aros Industripartner supplies bogie components for primary and secondary suspension within the railway sector. Solutions that reduce vibrations, improve comfort, and meet high requirements in passenger and freight traffic. <\/p>\n<p>[\/et_pb_blurb][et_pb_button button_url=&#8221;https:\/\/www.arosip.com\/en\/train-components\/&#8221; button_text=&#8221;Read more&#8221; disabled_on=&#8221;off|off|off&#8221; _builder_version=&#8221;4.27.5&#8243; _module_preset=&#8221;default&#8221; custom_button=&#8221;on&#8221; button_text_color=&#8221;#FFFFFF&#8221; button_bg_color=&#8221;#E02B20&#8243; global_colors_info=&#8221;{}&#8221;][\/et_pb_button][\/et_pb_column][\/et_pb_row][et_pb_row column_structure=&#8221;1_3,1_3,1_3&#8243; _builder_version=&#8221;4.27.5&#8243; _module_preset=&#8221;default&#8221; global_colors_info=&#8221;{}&#8221;][et_pb_column type=&#8221;1_3&#8243; _builder_version=&#8221;4.27.5&#8243; _module_preset=&#8221;default&#8221; global_colors_info=&#8221;{}&#8221;][et_pb_blurb title=&#8221;Seals and profiles&#8221; image=&#8221;https:\/\/www.arosip.com\/wp-content\/uploads\/2026\/04\/Ovriga-produkter.webp&#8221; _builder_version=&#8221;4.27.6&#8243; _module_preset=&#8221;default&#8221; header_font=&#8221;Montserrat|700|||||||&#8221; header_font_size=&#8221;20px&#8221; body_font=&#8221;Montserrat||||||||&#8221; body_font_size=&#8221;16px&#8221; hover_enabled=&#8221;0&#8243; global_colors_info=&#8221;{}&#8221; alt=&#8221;Other Industrial Products&#8221; title_text=&#8221;\u00d6vriga produkter&#8221; image_icon_width=&#8221;62%&#8221; sticky_enabled=&#8221;0&#8243;]<\/p>\n<div class=\"flex flex-col text-sm pb-25\">\n<article class=\"text-token-text-primary w-full focus:outline-none [--shadow-height:45px] has-data-writing-block:pointer-events-none has-data-writing-block:-mt-(--shadow-height) has-data-writing-block:pt-(--shadow-height) [&amp;:has([data-writing-block])&gt;*]:pointer-events-auto scroll-mt-[calc(var(--header-height)+min(200px,max(70px,20svh)))]\" dir=\"auto\" data-turn-id=\"request-WEB:bdccf51d-6710-4a5e-92d7-7046f9789184-13\" data-testid=\"conversation-turn-28\" data-scroll-anchor=\"true\" data-turn=\"assistant\" tabindex=\"-1\">\n<div class=\"text-base my-auto mx-auto pb-10 [--thread-content-margin:var(--thread-content-margin-xs,calc(var(--spacing)*4))] @w-sm\/main:[--thread-content-margin:var(--thread-content-margin-sm,calc(var(--spacing)*6))] @w-lg\/main:[--thread-content-margin:var(--thread-content-margin-lg,calc(var(--spacing)*16))] px-(--thread-content-margin)\">\n<div class=\"[--thread-content-max-width:40rem] @w-lg\/main:[--thread-content-max-width:48rem] mx-auto max-w-(--thread-content-max-width) flex-1 group\/turn-messages focus-visible:outline-hidden relative flex w-full min-w-0 flex-col agent-turn\" tabindex=\"-1\">\n<div class=\"flex max-w-full flex-col gap-4 grow\">\n<div data-message-author-role=\"assistant\" data-message-id=\"c180894b-decd-4c08-82e9-1a2f50300cb2\" dir=\"auto\" data-message-model-slug=\"gpt-5-3\" class=\"min-h-8 text-message relative flex w-full flex-col items-end gap-2 text-start break-words whitespace-normal [.text-message+&amp;]:mt-1\">\n<div class=\"flex w-full flex-col gap-1 empty:hidden\">\n<div class=\"markdown prose dark:prose-invert w-full wrap-break-word light markdown-new-styling\">\n<div class=\"flex flex-col text-sm pb-25\">\n<article class=\"text-token-text-primary w-full focus:outline-none [--shadow-height:45px] has-data-writing-block:pointer-events-none has-data-writing-block:-mt-(--shadow-height) has-data-writing-block:pt-(--shadow-height) [&amp;:has([data-writing-block])&gt;*]:pointer-events-auto scroll-mt-[calc(var(--header-height)+min(200px,max(70px,20svh)))]\" dir=\"auto\" data-turn-id=\"request-WEB:bdccf51d-6710-4a5e-92d7-7046f9789184-14\" data-testid=\"conversation-turn-30\" data-scroll-anchor=\"true\" data-turn=\"assistant\" tabindex=\"-1\">\n<div class=\"text-base my-auto mx-auto pb-10 [--thread-content-margin:var(--thread-content-margin-xs,calc(var(--spacing)*4))] @w-sm\/main:[--thread-content-margin:var(--thread-content-margin-sm,calc(var(--spacing)*6))] @w-lg\/main:[--thread-content-margin:var(--thread-content-margin-lg,calc(var(--spacing)*16))] px-(--thread-content-margin)\">\n<div class=\"[--thread-content-max-width:40rem] @w-lg\/main:[--thread-content-max-width:48rem] mx-auto max-w-(--thread-content-max-width) flex-1 group\/turn-messages focus-visible:outline-hidden relative flex w-full min-w-0 flex-col agent-turn\" tabindex=\"-1\">\n<div class=\"flex max-w-full flex-col gap-4 grow\">\n<div data-message-author-role=\"assistant\" data-message-id=\"18d9171b-516c-4229-8ebe-991a0e479ed1\" dir=\"auto\" data-message-model-slug=\"gpt-5-3\" class=\"min-h-8 text-message relative flex w-full flex-col items-end gap-2 text-start break-words whitespace-normal [.text-message+&amp;]:mt-1\">\n<div class=\"flex w-full flex-col gap-1 empty:hidden\">\n<div class=\"markdown prose dark:prose-invert w-full wrap-break-word light markdown-new-styling\">\n<p data-start=\"0\" data-end=\"205\" data-is-last-node=\"\" data-is-only-node=\"\">We manufacture seals and strips in rubber and silicone for industry, vehicles, and railway. Solutions with high durability, flexibility, and documented fire safety according to EN 45545-2. <\/p>\n<\/div>\n<\/div>\n<\/div>\n<\/div>\n<div class=\"z-0 flex min-h-[46px] justify-start\"><\/div>\n<div class=\"mt-3 w-full empty:hidden\">\n<div class=\"text-center\"><\/div>\n<\/div>\n<\/div>\n<\/div>\n<\/article>\n<\/div>\n<div aria-hidden=\"true\" data-edge=\"true\" class=\"pointer-events-none h-px w-px absolute bottom-0\"><\/div>\n<\/div>\n<\/div>\n<\/div>\n<\/div>\n<div class=\"z-0 flex min-h-[46px] justify-start\"><\/div>\n<\/div>\n<\/div>\n<\/article>\n<\/div>\n<p>[\/et_pb_blurb][et_pb_button button_url=&#8221;https:\/\/www.arosip.com\/tatningar-lister\/&#8221; button_text=&#8221;Read more&#8221; disabled_on=&#8221;off|off|off&#8221; _builder_version=&#8221;4.27.5&#8243; _module_preset=&#8221;default&#8221; custom_button=&#8221;on&#8221; button_text_color=&#8221;#FFFFFF&#8221; button_bg_color=&#8221;#E02B20&#8243; global_colors_info=&#8221;{}&#8221;][\/et_pb_button][\/et_pb_column][et_pb_column type=&#8221;1_3&#8243; _builder_version=&#8221;4.27.5&#8243; _module_preset=&#8221;default&#8221; global_colors_info=&#8221;{}&#8221;][et_pb_blurb title=&#8221;Repair and refurbishment&#8221; image=&#8221;https:\/\/www.arosip.com\/wp-content\/uploads\/2026\/03\/tok0-e1678710987307.jpg&#8221; alt=&#8221;Coupling Protection for Trains&#8221; _builder_version=&#8221;4.27.5&#8243; _module_preset=&#8221;default&#8221; header_font=&#8221;Montserrat|700|||||||&#8221; header_font_size=&#8221;20px&#8221; body_font=&#8221;Montserrat||||||||&#8221; body_font_size=&#8221;16px&#8221; global_colors_info=&#8221;{}&#8221;]<\/p>\n<p>We offer repair, refurbishment, and inspection of gangway bellows and air bellows systems. We develop, reconstruct, and manufacture solutions for trains and other vehicles according to current standards. <\/p>\n<p>[\/et_pb_blurb][et_pb_button button_url=&#8221;https:\/\/www.arosip.com\/en\/refurbishment\/&#8221; button_text=&#8221;Read more&#8221; disabled_on=&#8221;off|off|off&#8221; _builder_version=&#8221;4.27.5&#8243; _module_preset=&#8221;default&#8221; custom_button=&#8221;on&#8221; button_text_color=&#8221;#FFFFFF&#8221; button_bg_color=&#8221;#E02B20&#8243; global_colors_info=&#8221;{}&#8221;][\/et_pb_button][\/et_pb_column][et_pb_column type=&#8221;1_3&#8243; _builder_version=&#8221;4.27.5&#8243; _module_preset=&#8221;default&#8221; global_colors_info=&#8221;{}&#8221;][et_pb_blurb title=&#8221;Development &amp; Design&#8221; image=&#8221;https:\/\/www.arosip.com\/wp-content\/uploads\/2026\/04\/Utveckling-Konstruktion-1.webp&#8221; _builder_version=&#8221;4.27.6&#8243; _module_preset=&#8221;default&#8221; header_font=&#8221;Montserrat|700|||||||&#8221; header_font_size=&#8221;20px&#8221; body_font=&#8221;Montserrat||||||||&#8221; body_font_size=&#8221;16px&#8221; hover_enabled=&#8221;0&#8243; global_colors_info=&#8221;{}&#8221; title_text=&#8221;Utveckling &#038; Konstruktion&#8221; sticky_enabled=&#8221;0&#8243;]<\/p>\n<div class=\"flex flex-col text-sm pb-25\">\n<article class=\"text-token-text-primary w-full focus:outline-none [--shadow-height:45px] has-data-writing-block:pointer-events-none has-data-writing-block:-mt-(--shadow-height) has-data-writing-block:pt-(--shadow-height) [&amp;:has([data-writing-block])&gt;*]:pointer-events-auto scroll-mt-[calc(var(--header-height)+min(200px,max(70px,20svh)))]\" dir=\"auto\" data-turn-id=\"request-WEB:bdccf51d-6710-4a5e-92d7-7046f9789184-7\" data-testid=\"conversation-turn-16\" data-scroll-anchor=\"true\" data-turn=\"assistant\" tabindex=\"-1\">\n<div class=\"text-base my-auto mx-auto pb-10 [--thread-content-margin:var(--thread-content-margin-xs,calc(var(--spacing)*4))] @w-sm\/main:[--thread-content-margin:var(--thread-content-margin-sm,calc(var(--spacing)*6))] @w-lg\/main:[--thread-content-margin:var(--thread-content-margin-lg,calc(var(--spacing)*16))] px-(--thread-content-margin)\">\n<div class=\"[--thread-content-max-width:40rem] @w-lg\/main:[--thread-content-max-width:48rem] mx-auto max-w-(--thread-content-max-width) flex-1 group\/turn-messages focus-visible:outline-hidden relative flex w-full min-w-0 flex-col agent-turn\" tabindex=\"-1\">\n<div class=\"flex max-w-full flex-col gap-4 grow\">\n<div data-message-author-role=\"assistant\" data-message-id=\"e8a851b1-fc2e-4284-a3ce-cafbcffcac7f\" dir=\"auto\" data-message-model-slug=\"gpt-5-3\" class=\"min-h-8 text-message relative flex w-full flex-col items-end gap-2 text-start break-words whitespace-normal [.text-message+&amp;]:mt-1\">\n<div class=\"flex w-full flex-col gap-1 empty:hidden\">\n<div class=\"markdown prose dark:prose-invert w-full wrap-break-word light markdown-new-styling\">\n<p data-start=\"0\" data-end=\"225\" data-is-last-node=\"\" data-is-only-node=\"\">We offer development, design, and prototype production. With CAD in SolidWorks, CNC simulation in Edgecam, and testing, we deliver thoroughly developed solutions with documentation and high technical precision. <\/p>\n<\/div>\n<\/div>\n<\/div>\n<\/div>\n<\/div>\n<\/div>\n<\/article>\n<\/div>\n<p>[\/et_pb_blurb][et_pb_button button_url=&#8221;https:\/\/www.arosip.com\/en\/development-and-design\/&#8221; button_text=&#8221;Read more&#8221; disabled_on=&#8221;off|off|off&#8221; _builder_version=&#8221;4.27.5&#8243; _module_preset=&#8221;default&#8221; custom_button=&#8221;on&#8221; button_text_color=&#8221;#FFFFFF&#8221; button_bg_color=&#8221;#E02B20&#8243; global_colors_info=&#8221;{}&#8221;][\/et_pb_button][\/et_pb_column][\/et_pb_row][et_pb_row _builder_version=&#8221;4.21.0&#8243; _module_preset=&#8221;default&#8221; custom_margin=&#8221;100px||100px||true|false&#8221; global_colors_info=&#8221;{}&#8221;][et_pb_column type=&#8221;4_4&#8243; _builder_version=&#8221;4.19.5&#8243; _module_preset=&#8221;default&#8221; global_colors_info=&#8221;{}&#8221;][et_pb_text _builder_version=&#8221;4.22.0&#8243; _module_preset=&#8221;default&#8221; text_font=&#8221;Montserrat||on||||||&#8221; text_font_size=&#8221;24px&#8221; text_orientation=&#8221;center&#8221; global_colors_info=&#8221;{}&#8221;]<\/p>\n<p><b>&#8220;Everything naturally with high quality and precision&#8221;<\/b><\/p>\n<p>[\/et_pb_text][\/et_pb_column][\/et_pb_row][\/et_pb_section][et_pb_section fb_built=&#8221;1&#8243; _builder_version=&#8221;4.19.5&#8243; _module_preset=&#8221;default&#8221; background_color=&#8221;#dcdbc9&#8243; global_colors_info=&#8221;{}&#8221;][et_pb_row _builder_version=&#8221;4.19.5&#8243; _module_preset=&#8221;default&#8221; global_colors_info=&#8221;{}&#8221;][et_pb_column type=&#8221;4_4&#8243; _builder_version=&#8221;4.19.5&#8243; _module_preset=&#8221;default&#8221; global_colors_info=&#8221;{}&#8221;][et_pb_text _builder_version=&#8221;4.27.5&#8243; _module_preset=&#8221;default&#8221; text_font=&#8221;Montserrat|700|||||||&#8221; text_text_color=&#8221;#000000&#8243; text_font_size=&#8221;20px&#8221; text_orientation=&#8221;center&#8221; global_colors_info=&#8221;{}&#8221;]<\/p>\n<p>Not what you were looking for?<\/p>\n<p>Contact us!<\/p>\n<p>[\/et_pb_text][et_pb_divider color=&#8221;#000000&#8243; _builder_version=&#8221;4.19.5&#8243; _module_preset=&#8221;default&#8221; global_colors_info=&#8221;{}&#8221;][\/et_pb_divider][\/et_pb_column][\/et_pb_row][\/et_pb_section]<\/p>\n","protected":false},"excerpt":{"rendered":"<p>Railway IndustryAros Industripartner is an established and reliable supplier to the European railway industry.AROS Industripartner With broad technical expertise, structured work processes, and high delivery reliability, we operate as a long-term partner in projects where quality, safety, and operational reliability are critical. The train industry demands high standards of precision, documentation, traceability, and long service [&hellip;]<\/p>\n","protected":false},"author":1,"featured_media":0,"parent":0,"menu_order":0,"comment_status":"closed","ping_status":"closed","template":"","meta":{"_et_pb_use_builder":"on","_et_pb_old_content":"","_et_gb_content_width":"","footnotes":""},"class_list":["post-9222","page","type-page","status-publish","hentry"],"_links":{"self":[{"href":"https:\/\/www.arosip.com\/en\/wp-json\/wp\/v2\/pages\/9222","targetHints":{"allow":["GET"]}}],"collection":[{"href":"https:\/\/www.arosip.com\/en\/wp-json\/wp\/v2\/pages"}],"about":[{"href":"https:\/\/www.arosip.com\/en\/wp-json\/wp\/v2\/types\/page"}],"author":[{"embeddable":true,"href":"https:\/\/www.arosip.com\/en\/wp-json\/wp\/v2\/users\/1"}],"replies":[{"embeddable":true,"href":"https:\/\/www.arosip.com\/en\/wp-json\/wp\/v2\/comments?post=9222"}],"version-history":[{"count":2,"href":"https:\/\/www.arosip.com\/en\/wp-json\/wp\/v2\/pages\/9222\/revisions"}],"predecessor-version":[{"id":9224,"href":"https:\/\/www.arosip.com\/en\/wp-json\/wp\/v2\/pages\/9222\/revisions\/9224"}],"wp:attachment":[{"href":"https:\/\/www.arosip.com\/en\/wp-json\/wp\/v2\/media?parent=9222"}],"curies":[{"name":"wp","href":"https:\/\/api.w.org\/{rel}","templated":true}]}}