{"id":8493,"date":"2023-02-13T15:25:14","date_gmt":"2023-02-13T14:25:14","guid":{"rendered":"https:\/\/www.arosip.com\/contact\/"},"modified":"2026-01-14T09:09:06","modified_gmt":"2026-01-14T08:09:06","slug":"contact","status":"publish","type":"page","link":"https:\/\/www.arosip.com\/en\/contact\/","title":{"rendered":"Contact"},"content":{"rendered":"<p>[et_pb_section fb_built=&#8221;1&#8243; _builder_version=&#8221;4.19.5&#8243; _module_preset=&#8221;default&#8221; background_color=&#8221;#343230&#8243; global_colors_info=&#8221;{}&#8221;][et_pb_row _builder_version=&#8221;4.19.5&#8243; _module_preset=&#8221;default&#8221; global_colors_info=&#8221;{}&#8221;][et_pb_column type=&#8221;4_4&#8243; _builder_version=&#8221;4.19.5&#8243; _module_preset=&#8221;default&#8221; global_colors_info=&#8221;{}&#8221;][et_pb_text _builder_version=&#8221;4.19.5&#8243; _module_preset=&#8221;default&#8221; text_font=&#8221;Anton||||||||&#8221; text_text_color=&#8221;#FFFFFF&#8221; text_font_size=&#8221;75px&#8221; custom_margin=&#8221;||50px||false|false&#8221; global_colors_info=&#8221;{}&#8221;]<\/p>\n<p>Visit Us<\/p>\n<p>[\/et_pb_text][et_pb_map address=&#8221;L\u00e5gsp\u00e4nningsgatan 8, 721 37 V\u00e4ster\u00e5s, Sverige&#8221; zoom_level=&#8221;15&#8243; address_lat=&#8221;59.6506831&#8243; address_lng=&#8221;16.5646553&#8243; mouse_wheel=&#8221;off&#8221; _builder_version=&#8221;4.19.5&#8243; _module_preset=&#8221;default&#8221; height=&#8221;555px&#8221; custom_padding=&#8221;5vh||5vh||true|false&#8221; child_filter_saturate=&#8221;0%&#8221; global_colors_info=&#8221;{}&#8221;][et_pb_map_pin title=&#8221;AROS INDUSTRIAL PARTNER&#8221; pin_address=&#8221;L\u00e5gsp\u00e4nningsgatan 8, 721 37 V\u00e4ster\u00e5s, Sverige&#8221; pin_address_lat=&#8221;59.6506831&#8243; pin_address_lng=&#8221;16.5646553&#8243; _builder_version=&#8221;4.19.5&#8243; _module_preset=&#8221;default&#8221; global_colors_info=&#8221;{}&#8221;][\/et_pb_map_pin][\/et_pb_map][\/et_pb_column][\/et_pb_row][et_pb_row _builder_version=&#8221;4.19.5&#8243; _module_preset=&#8221;default&#8221; global_colors_info=&#8221;{}&#8221;][et_pb_column type=&#8221;4_4&#8243; _builder_version=&#8221;4.19.5&#8243; _module_preset=&#8221;default&#8221; global_colors_info=&#8221;{}&#8221;][et_pb_text _builder_version=&#8221;4.19.5&#8243; _module_preset=&#8221;default&#8221; text_font=&#8221;Anton||||||||&#8221; text_text_color=&#8221;#FFFFFF&#8221; text_font_size=&#8221;75px&#8221; custom_margin=&#8221;||50px||false|false&#8221; global_colors_info=&#8221;{}&#8221;]<\/p>\n<p>Contact Us<\/p>\n<p>[\/et_pb_text][dsm_contact_form_7 cf7_library=&#8221;741&#8243; button_alignment=&#8221;right&#8221; _builder_version=&#8221;4.19.5&#8243; _module_preset=&#8221;default&#8221; labels_font=&#8221;Montserrat||||||||&#8221; input_textarea_select_font=&#8221;Montserrat||||||||&#8221; placeholder_font=&#8221;Montserrat||||||||&#8221; placeholder_text_color=&#8221;#000000&#8243; custom_button_one=&#8221;on&#8221; button_one_text_color=&#8221;#FFFFFF&#8221; button_one_bg_color=&#8221;#e94f36&#8243; button_one_border_width=&#8221;2px&#8221; button_one_border_color=&#8221;RGBA(255,255,255,0)&#8221; button_one_border_radius=&#8221;0px&#8221; button_one_font=&#8221;Montserrat|700|||||||&#8221; button_one_use_icon=&#8221;off&#8221; global_colors_info=&#8221;{}&#8221;][\/dsm_contact_form_7][\/et_pb_column][\/et_pb_row][\/et_pb_section]<\/p>\n","protected":false},"excerpt":{"rendered":"<p>Visit UsContact Us<div class=\"et_pb_module dsm_contact_form_7 dsm_contact_form_7_0\">\n\t\t\t\t\n\t\t\t\t\n\t\t\t\t\n\t\t\t\t\n\t\t\t\t\n\t\t\t\t\n\t\t\t\t<div class=\"et_pb_module_inner\">\n\t\t\t\t\t<div class=\"\">\n\t\t\t\t\n<div class=\"wpcf7 no-js\" id=\"wpcf7-f8647-o1\" lang=\"en-US\" dir=\"ltr\" data-wpcf7-id=\"8647\">\n<div class=\"screen-reader-response\"><p role=\"status\" aria-live=\"polite\" aria-atomic=\"true\"><\/p> <ul><\/ul><\/div>\n<form action=\"\/en\/wp-json\/wp\/v2\/pages\/8493#wpcf7-f8647-o1\" method=\"post\" class=\"wpcf7-form init\" aria-label=\"Contact form\" novalidate=\"novalidate\" data-status=\"init\">\n<fieldset class=\"hidden-fields-container\"><input type=\"hidden\" name=\"_wpcf7\" value=\"8647\" \/><input type=\"hidden\" name=\"_wpcf7_version\" value=\"6.1.5\" \/><input type=\"hidden\" name=\"_wpcf7_locale\" value=\"en_US\" \/><input type=\"hidden\" name=\"_wpcf7_unit_tag\" value=\"wpcf7-f8647-o1\" \/><input type=\"hidden\" name=\"_wpcf7_container_post\" value=\"0\" \/><input type=\"hidden\" name=\"_wpcf7_posted_data_hash\" value=\"\" \/><input type=\"hidden\" name=\"_wpcf7_recaptcha_response\" value=\"\" \/>\n<\/fieldset>\n<p><span class=\"wpcf7-form-control-wrap\" data-name=\"your-name\"><input size=\"40\" maxlength=\"400\" class=\"wpcf7-form-control wpcf7-text wpcf7-validates-as-required\" aria-required=\"true\" aria-invalid=\"false\" placeholder=\"Name\" value=\"\" type=\"text\" name=\"your-name\" \/><\/span>\n<\/p>\n<p><span class=\"wpcf7-form-control-wrap\" data-name=\"your-email\"><input size=\"40\" maxlength=\"400\" class=\"wpcf7-form-control wpcf7-email wpcf7-validates-as-required wpcf7-text wpcf7-validates-as-email\" aria-required=\"true\" aria-invalid=\"false\" placeholder=\"Email Address\" value=\"\" type=\"email\" name=\"your-email\" \/><\/span>\n<\/p>\n<p><span class=\"wpcf7-form-control-wrap\" data-name=\"your-subject\"><input size=\"40\" maxlength=\"400\" class=\"wpcf7-form-control wpcf7-text\" aria-invalid=\"false\" placeholder=\"Subject\" value=\"\" type=\"text\" name=\"your-subject\" \/><\/span>\n<\/p>\n<p><span class=\"wpcf7-form-control-wrap\" data-name=\"your-message\"><textarea cols=\"40\" rows=\"10\" maxlength=\"2000\" class=\"wpcf7-form-control wpcf7-textarea\" aria-invalid=\"false\" placeholder=\"Your Message\" name=\"your-message\"><\/textarea><\/span>\n<\/p>\n<p><button class=\"wpcf7-form-control wpcf7-submit has-spinner et_pb_button et_pb_bg_layout_light\" type=\"submit\" value=\"Send\">Send<\/button>\n<\/p><div class=\"wpcf7-response-output\" aria-hidden=\"true\"><\/div>\n<\/form>\n<\/div>\n\n\t\t\t<\/div>\n\t\t\t\t<\/div>\n\t\t\t<\/div><\/p>\n","protected":false},"author":1,"featured_media":0,"parent":0,"menu_order":0,"comment_status":"closed","ping_status":"closed","template":"","meta":{"_et_pb_use_builder":"on","_et_pb_old_content":"","_et_gb_content_width":"","footnotes":""},"class_list":["post-8493","page","type-page","status-publish","hentry"],"_links":{"self":[{"href":"https:\/\/www.arosip.com\/en\/wp-json\/wp\/v2\/pages\/8493","targetHints":{"allow":["GET"]}}],"collection":[{"href":"https:\/\/www.arosip.com\/en\/wp-json\/wp\/v2\/pages"}],"about":[{"href":"https:\/\/www.arosip.com\/en\/wp-json\/wp\/v2\/types\/page"}],"author":[{"embeddable":true,"href":"https:\/\/www.arosip.com\/en\/wp-json\/wp\/v2\/users\/1"}],"replies":[{"embeddable":true,"href":"https:\/\/www.arosip.com\/en\/wp-json\/wp\/v2\/comments?post=8493"}],"version-history":[{"count":5,"href":"https:\/\/www.arosip.com\/en\/wp-json\/wp\/v2\/pages\/8493\/revisions"}],"predecessor-version":[{"id":8872,"href":"https:\/\/www.arosip.com\/en\/wp-json\/wp\/v2\/pages\/8493\/revisions\/8872"}],"wp:attachment":[{"href":"https:\/\/www.arosip.com\/en\/wp-json\/wp\/v2\/media?parent=8493"}],"curies":[{"name":"wp","href":"https:\/\/api.w.org\/{rel}","templated":true}]}}